{"id":243,"date":"2020-04-06T22:00:27","date_gmt":"2020-04-06T22:00:27","guid":{"rendered":"https:\/\/www.emadeplastsas.com\/?page_id=243"},"modified":"2023-03-24T08:22:47","modified_gmt":"2023-03-24T08:22:47","slug":"canastillas-plasticas","status":"publish","type":"page","link":"https:\/\/www.emadeplast.com\/index.php\/canastillas-plasticas\/","title":{"rendered":"CANASTILLAS PL\u00c1STICAS"},"content":{"rendered":"<p>[et_pb_section fb_built=\u00bb1&#8243; fullwidth=\u00bbon\u00bb _builder_version=\u00bb4.3.2&#8243;][et_pb_fullwidth_slider use_bg_overlay=\u00bbon\u00bb bg_overlay_color=\u00bb#000000&#8243; _builder_version=\u00bb4.5.3&#8243; min_height=\u00bb600px\u00bb custom_padding=\u00bb35px||0px|||\u00bb auto=\u00bbon\u00bb auto_ignore_hover=\u00bbon\u00bb][et_pb_slide heading=\u00bbCANASTILLAS PL\u00c1STICAS \u00bb use_bg_overlay=\u00bbon\u00bb bg_overlay_color=\u00bbrgba(0,0,0,0.49)\u00bb _builder_version=\u00bb4.5.3&#8243; header_font=\u00bb|700|||||||\u00bb header_text_align=\u00bbleft\u00bb header_font_size=\u00bb50px\u00bb body_font=\u00bb|700|||||||\u00bb body_font_size=\u00bb22px\u00bb body_line_height=\u00bb1em\u00bb background_enable_color=\u00bboff\u00bb background_image=\u00bbhttps:\/\/www.emadeplast.com\/wp-content\/uploads\/2023\/03\/cabezote-CANASTILLAS-WEB.jpg\u00bb background_enable_image=\u00bbon\u00bb max_width=\u00bb86%\u00bb]<\/p>\n<p style=\"text-align: left;\">Ideales en diversas operaciones seg\u00fan la necesidad log\u00edstica de los sectores econ\u00f3micos, debido a su capacidad de acopio y resistencia.<\/p>\n<p>[\/et_pb_slide][\/et_pb_fullwidth_slider][\/et_pb_section][et_pb_section fb_built=\u00bb1&#8243; next_background_color=\u00bbrgba(242,232,159,0.9)\u00bb _builder_version=\u00bb4.3.2&#8243; background_color=\u00bb#eaeaea\u00bb background_image=\u00bbhttps:\/\/www.emadeplast.com\/wp-content\/uploads\/2021\/02\/3114.jpg\u00bb custom_padding=\u00bb0px||0px|||\u00bb bottom_divider_style=\u00bbwave2&#8243;][et_pb_row column_structure=\u00bb1_2,1_2&#8243; _builder_version=\u00bb4.3.2&#8243; max_width=\u00bb1500px\u00bb custom_padding=\u00bb21px|||||\u00bb][et_pb_column type=\u00bb1_2&#8243; _builder_version=\u00bb4.3.2&#8243;][et_pb_image src=\u00bbhttps:\/\/www.emadeplast.com\/wp-content\/uploads\/2023\/03\/canastillas2023.jpg\u00bb alt=\u00bbcanastilla plastica\u00bb title_text=\u00bbcanastillas2023&#8243; force_fullwidth=\u00bbon\u00bb _builder_version=\u00bb4.5.3&#8243; max_height=\u00bb700px\u00bb custom_margin=\u00bb62px|||||\u00bb animation_style=\u00bbslide\u00bb][\/et_pb_image][\/et_pb_column][et_pb_column type=\u00bb1_2&#8243; _builder_version=\u00bb4.3.2&#8243;][et_pb_text admin_label=\u00bbLook Inside Text\u00bb _builder_version=\u00bb4.3.2&#8243; text_font=\u00bb||||||||\u00bb text_font_size=\u00bb12px\u00bb text_line_height=\u00bb1.5em\u00bb max_width=\u00bb600px\u00bb custom_margin=\u00bb103px|||||\u00bb custom_padding=\u00bb0px||34px|||\u00bb animation_style=\u00bbslide\u00bb animation_direction=\u00bbtop\u00bb animation_delay=\u00bb400ms\u00bb animation_intensity_slide=\u00bb4%\u00bb locked=\u00bboff\u00bb]<\/p>\n<p style=\"text-align: justify;\"><span class=\"sc_highlight\" style=\"font-size: 1.3846em; line-height: 1.65em;\">Las canastillas pl\u00e1sticas son embalajes reutilizables destinados a la distribuci\u00f3n y almacenamiento de determinados productos, principalmente empacados al vac\u00edo, frutas, verduras, trasporte de elementos para inventarios, inclusive para dise\u00f1o de closet modernos.<br \/> <\/span><\/p>\n<p style=\"text-align: justify;\"><span class=\"sc_highlight\" style=\"font-size: 1.3846em; line-height: 1.65em;\"><\/span><\/p>\n<p style=\"text-align: justify;\"><span class=\"sc_highlight\" style=\"font-size: 1.3846em; line-height: 1.65em;\">Las principales caracter\u00edsticas de las canastas pl\u00e1sticas es que son de f\u00e1cil agarre, higi\u00e9nicas y resistentes. Tienen perforaciones para generar ventilaci\u00f3n a los productos almacenados al momento de apilar las canastas. <\/span><\/p>\n<p style=\"text-align: justify;\"><span class=\"sc_highlight\" style=\"font-size: 1.3846em; line-height: 1.65em;\"><\/span><\/p>\n<p style=\"text-align: justify;\"><span class=\"sc_highlight\" style=\"font-size: 1.3846em; line-height: 1.65em;\">Manejamos una gran variedad de canastillas pl\u00e1sticas: plegables, con apertura frontal, con apertura lateral, con asas abiertas, con asas cerradas, paredes y fondo liso, paredes y fondo rejado. <\/span><\/p>\n<p style=\"text-align: justify;\"><span class=\"sc_highlight\" style=\"font-size: 1.3846em; line-height: 1.65em;\">Ventajas: <\/span><\/p>\n<ul>\n<li style=\"text-align: justify;\"><span class=\"sc_highlight\" style=\"font-size: 1.3846em; line-height: 1.65em;\">Son apilables<\/span><\/li>\n<li style=\"text-align: justify;\"><span class=\"sc_highlight\" style=\"font-size: 1.3846em; line-height: 1.65em;\">Son encajables<\/span><\/li>\n<li style=\"text-align: justify;\"><span class=\"sc_highlight\" style=\"font-size: 1.3846em; line-height: 1.65em;\">Son higi\u00e9nicas<\/span><\/li>\n<li style=\"text-align: justify;\"><span class=\"sc_highlight\" style=\"font-size: 1.3846em; line-height: 1.65em;\">Diferentes tama\u00f1os<\/span><\/li>\n<li style=\"text-align: justify;\"><span class=\"sc_highlight\" style=\"font-size: 1.3846em; line-height: 1.65em;\">Resistentes a los dobles<\/span><\/li>\n<li style=\"text-align: justify;\"><span class=\"sc_highlight\" style=\"font-size: 1.3846em; line-height: 1.65em;\">Son para toda la vida<\/span><\/li>\n<\/ul>\n<div class=\"wpb_text_column wpb_content_element \">\n<div class=\"wpb_wrapper\">\n<p style=\"line-height: 22px;\">\n<\/div>\n<\/div>\n<p>[\/et_pb_text][\/et_pb_column][\/et_pb_row][\/et_pb_section][et_pb_section fb_built=\u00bb1&#8243; _builder_version=\u00bb4.3.2&#8243; background_color=\u00bbrgba(242,232,159,0.9)\u00bb custom_padding=\u00bb||0px|||\u00bb][et_pb_row _builder_version=\u00bb4.3.2&#8243; width=\u00bb88%\u00bb max_width=\u00bb1400px\u00bb custom_margin=\u00bb|auto|30px|auto|false|false\u00bb][et_pb_column type=\u00bb4_4&#8243; _builder_version=\u00bb4.3.2&#8243;][et_pb_gallery gallery_ids=\u00bb1485,1487,1488,1489,1490,1493&#8243; show_title_and_caption=\u00bboff\u00bb _builder_version=\u00bb4.5.3&#8243; max_width=\u00bb100%\u00bb custom_margin=\u00bb||-6px|||\u00bb custom_padding=\u00bb||0px|||\u00bb link_option_url=\u00bbhttps:\/\/www.emadeplast.com\/index.php\/tienda\/\u00bb link_option_url_new_window=\u00bbon\u00bb][\/et_pb_gallery][\/et_pb_column][\/et_pb_row][\/et_pb_section][et_pb_section fb_built=\u00bb1&#8243; _builder_version=\u00bb4.3.2&#8243; background_color=\u00bbrgba(242,232,159,0.9)\u00bb custom_margin=\u00bb-28px|||||\u00bb custom_padding=\u00bb15px||17px|||\u00bb][et_pb_row _builder_version=\u00bb4.3.2&#8243; custom_margin=\u00bb19px|auto||auto||\u00bb custom_padding=\u00bb8px|||||\u00bb][et_pb_column type=\u00bb4_4&#8243; _builder_version=\u00bb4.3.2&#8243;][et_pb_button button_url=\u00bbhttps:\/\/www.emadeplast.com\/index.php\/tienda\/\u00bb url_new_window=\u00bbon\u00bb button_text=\u00bbCOMPRAR EN LA TIENDA\u00bb button_alignment=\u00bbcenter\u00bb _builder_version=\u00bb4.5.3&#8243; custom_button=\u00bbon\u00bb button_text_size=\u00bb25px\u00bb button_text_color=\u00bb#ffffff\u00bb button_bg_color=\u00bb#2078e5&#8243;][\/et_pb_button][\/et_pb_column][\/et_pb_row][\/et_pb_section][et_pb_section fb_built=\u00bb1&#8243; _builder_version=\u00bb4.3.2&#8243; custom_padding=\u00bb||0px|||\u00bb][et_pb_row _builder_version=\u00bb4.3.2&#8243;][et_pb_column type=\u00bb4_4&#8243; _builder_version=\u00bb4.3.2&#8243;][et_pb_post_title meta=\u00bboff\u00bb _builder_version=\u00bb4.3.2&#8243; title_font=\u00bb|700|||||||\u00bb text_orientation=\u00bbcenter\u00bb][\/et_pb_post_title][et_pb_shop type=\u00bbproduct_category\u00bb include_categories=\u00bb34&#8243; admin_label=\u00bbCategoria Producto\u00bb _builder_version=\u00bb4.3.2&#8243;][\/et_pb_shop][\/et_pb_column][\/et_pb_row][\/et_pb_section][et_pb_section fb_built=\u00bb1&#8243; admin_label=\u00bbFeatures\u00bb _builder_version=\u00bb4.3.2&#8243; background_enable_color=\u00bboff\u00bb background_image=\u00bbhttps:\/\/www.emadeplast.com\/wp-content\/uploads\/2020\/12\/circle-background-pattern.png\u00bb background_size=\u00bbinitial\u00bb background_position=\u00bbtop_left\u00bb background_repeat=\u00bbrepeat\u00bb custom_padding=\u00bb0px||||false|false\u00bb][et_pb_row _builder_version=\u00bb4.3.2&#8243;][et_pb_column type=\u00bb4_4&#8243; _builder_version=\u00bb4.3.2&#8243;][et_pb_text _builder_version=\u00bb4.3.2&#8243; text_font=\u00bbRoboto||||||||\u00bb text_text_color=\u00bb#2a432d\u00bb text_font_size=\u00bb35px\u00bb text_line_height=\u00bb2em\u00bb]<\/p>\n<p style=\"text-align: center;\">VENTAJAS DE NUESTROS PRODUCTOS<\/p>\n<p>[\/et_pb_text][\/et_pb_column][\/et_pb_row][et_pb_row column_structure=\u00bb1_4,1_4,1_4,1_4&#8243; _builder_version=\u00bb4.3.2&#8243; max_width=\u00bb1350px\u00bb][et_pb_column type=\u00bb1_4&#8243; _builder_version=\u00bb4.4.1&#8243;][et_pb_blurb title=\u00bbProductos inmunizados\u00bb use_icon=\u00bbon\u00bb font_icon=\u00bb%%45%%\u00bb icon_color=\u00bb#FFFFFF\u00bb content_max_width=\u00bb100%\u00bb _builder_version=\u00bb4.3.2&#8243; header_level=\u00bbh3&#8243; header_font=\u00bb||||||||\u00bb header_text_color=\u00bb#FFFFFF\u00bb header_font_size=\u00bb24px\u00bb header_line_height=\u00bb1.4em\u00bb body_text_color=\u00bb#FFFFFF\u00bb body_line_height=\u00bb2em\u00bb background_color=\u00bb#4c733c\u00bb text_orientation=\u00bbcenter\u00bb custom_padding=\u00bb20px|10px|129px|10px|false|false\u00bb animation_style=\u00bbzoom\u00bb animation=\u00bboff\u00bb header_font_size_tablet=\u00bb\u00bb header_font_size_phone=\u00bb20px\u00bb header_font_size_last_edited=\u00bbon|phone\u00bb border_radii=\u00bboff|10px|25px|10px|25px\u00bb box_shadow_style=\u00bbpreset2&#8243; box_shadow_color=\u00bbrgba(0,0,0,0.75)\u00bb locked=\u00bboff\u00bb]<\/p>\n<p>Los productos maderables pasan por un riguroso proceso de inmunizaci\u00f3n para asegurar la durabilidad del producto.<\/p>\n<p>[\/et_pb_blurb][\/et_pb_column][et_pb_column type=\u00bb1_4&#8243; _builder_version=\u00bb4.4.1&#8243;][et_pb_blurb title=\u00bbPuntualidad\u00bb use_icon=\u00bbon\u00bb font_icon=\u00bb%%92%%\u00bb icon_color=\u00bb#FFFFFF\u00bb content_max_width=\u00bb100%\u00bb _builder_version=\u00bb4.3.2&#8243; header_level=\u00bbh3&#8243; header_font=\u00bb||||||||\u00bb header_text_color=\u00bb#FFFFFF\u00bb header_font_size=\u00bb24px\u00bb header_line_height=\u00bb1.4em\u00bb body_text_color=\u00bb#FFFFFF\u00bb body_line_height=\u00bb2em\u00bb background_color=\u00bb#7b9c33&#8243; text_orientation=\u00bbcenter\u00bb custom_padding=\u00bb20px|10px|158px|10px|false|false\u00bb animation_style=\u00bbzoom\u00bb animation=\u00bboff\u00bb header_font_size_tablet=\u00bb\u00bb header_font_size_phone=\u00bb20px\u00bb header_font_size_last_edited=\u00bbon|phone\u00bb border_radii=\u00bboff|10px|25px|10px|25px\u00bb box_shadow_style=\u00bbpreset2&#8243; box_shadow_color=\u00bbrgba(0,0,0,0.75)\u00bb locked=\u00bboff\u00bb]<\/p>\n<p>Porque sabemos que el tiempo es valioso atendemos las necesidades de nuestros clientes en el momento justo.<\/p>\n<p>[\/et_pb_blurb][\/et_pb_column][et_pb_column type=\u00bb1_4&#8243; _builder_version=\u00bb4.4.1&#8243;][et_pb_blurb title=\u00bbProductos ecol\u00f3gicos\u00bb use_icon=\u00bbon\u00bb font_icon=\u00bb%%135%%\u00bb icon_color=\u00bb#FFFFFF\u00bb content_max_width=\u00bb100%\u00bb _builder_version=\u00bb4.3.2&#8243; header_level=\u00bbh3&#8243; header_font=\u00bb||||||||\u00bb header_text_color=\u00bb#FFFFFF\u00bb header_font_size=\u00bb24px\u00bb header_line_height=\u00bb1.4em\u00bb body_text_color=\u00bb#ffffff\u00bb body_line_height=\u00bb2em\u00bb background_color=\u00bb#2a432d\u00bb text_orientation=\u00bbcenter\u00bb custom_padding=\u00bb20px|10px|20px|10px|false|false\u00bb animation_style=\u00bbzoom\u00bb animation=\u00bboff\u00bb header_font_size_tablet=\u00bb\u00bb header_font_size_phone=\u00bb20px\u00bb header_font_size_last_edited=\u00bbon|phone\u00bb border_radii=\u00bboff|10px|25px|10px|25px\u00bb box_shadow_style=\u00bbpreset2&#8243; box_shadow_color=\u00bbrgba(0,0,0,0.78)\u00bb locked=\u00bboff\u00bb]<\/p>\n<p>Nuestras materias primas son recuperadas y t\u00e9cnicamente tratadas para obtener productos duraderos y reutilizables.\u00a0<\/p>\n<p>&nbsp;<\/p>\n<p>&nbsp;<\/p>\n<p>&nbsp;<\/p>\n<p>[\/et_pb_blurb][\/et_pb_column][et_pb_column type=\u00bb1_4&#8243; _builder_version=\u00bb4.4.1&#8243;][et_pb_blurb title=\u00bbDise\u00f1o personalizado\u00bb use_icon=\u00bbon\u00bb font_icon=\u00bb%%75%%\u00bb icon_color=\u00bb#FFFFFF\u00bb content_max_width=\u00bb100%\u00bb _builder_version=\u00bb4.3.2&#8243; header_level=\u00bbh3&#8243; header_font=\u00bb||||||||\u00bb header_text_color=\u00bb#FFFFFF\u00bb header_font_size=\u00bb24px\u00bb header_line_height=\u00bb1.4em\u00bb body_text_color=\u00bb#FFFFFF\u00bb body_line_height=\u00bb2em\u00bb background_color=\u00bb#d5e38c\u00bb text_orientation=\u00bbcenter\u00bb custom_padding=\u00bb20px|10px|20px|10px|true|false\u00bb animation_style=\u00bbzoom\u00bb animation=\u00bboff\u00bb header_font_size_tablet=\u00bb\u00bb header_font_size_phone=\u00bb20px\u00bb header_font_size_last_edited=\u00bbon|phone\u00bb border_radii=\u00bboff|10px|25px|10px|25px\u00bb box_shadow_style=\u00bbpreset2&#8243; box_shadow_color=\u00bbrgba(0,0,0,0.76)\u00bb locked=\u00bboff\u00bb]<\/p>\n<p>Nuestros productos son fabricados bajo especificaciones t\u00e9cnicas de nuestros clientes y pensando en suplir las necesidades en cuanto al espacio y \u00e1rea de distribuci\u00f3n.\u00a0<\/p>\n<p>&nbsp;<\/p>\n<p>&nbsp;<\/p>\n<p>[\/et_pb_blurb][\/et_pb_column][\/et_pb_row][\/et_pb_section][et_pb_section fb_built=\u00bb1&#8243; admin_label=\u00bbFooter Section\u00bb _builder_version=\u00bb4.3.2&#8243; use_background_color_gradient=\u00bbon\u00bb background_color_gradient_start=\u00bb#2e490e\u00bb background_color_gradient_end=\u00bbrgba(181,191,38,0.7)\u00bb background_enable_image=\u00bboff\u00bb custom_margin=\u00bb-15px|||||\u00bb custom_padding=\u00bb63px||110px|||\u00bb][et_pb_row admin_label=\u00bbTitle Area\u00bb _builder_version=\u00bb4.3.2&#8243; background_color=\u00bbrgba(255,255,255,0.89)\u00bb custom_padding=\u00bb27px||9px|||\u00bb locked=\u00bboff\u00bb][et_pb_column type=\u00bb4_4&#8243; _builder_version=\u00bb3.25&#8243; custom_padding=\u00bb|||\u00bb custom_padding__hover=\u00bb|||\u00bb][et_pb_text admin_label=\u00bbTitle\u00bb _builder_version=\u00bb4.3.2&#8243; text_font=\u00bbRoboto||||||||\u00bb text_text_color=\u00bb#0b4415&#8243; text_font_size=\u00bb35px\u00bb text_line_height=\u00bb1.8em\u00bb header_font=\u00bb||||||||\u00bb header_2_font=\u00bbAclonica||||||||\u00bb header_2_text_align=\u00bbcenter\u00bb header_2_text_color=\u00bb#2a432d\u00bb header_2_font_size=\u00bb35px\u00bb header_2_line_height=\u00bb1.3em\u00bb text_orientation=\u00bbcenter\u00bb custom_margin=\u00bb||20px|\u00bb animation_style=\u00bbslide\u00bb animation_direction=\u00bbtop\u00bb animation_intensity_slide=\u00bb30%\u00bb animation_starting_opacity=\u00bb100%\u00bb]COMUN\u00cdCATE CON NOSOTROS[\/et_pb_text][et_pb_divider color=\u00bb#2a2a2a\u00bb divider_weight=\u00bb3px\u00bb _builder_version=\u00bb3.2&#8243; max_width=\u00bb50px\u00bb module_alignment=\u00bbcenter\u00bb custom_margin=\u00bb||10px|\u00bb animation_style=\u00bbslide\u00bb animation_direction=\u00bbtop\u00bb animation_intensity_slide=\u00bb30%\u00bb animation_starting_opacity=\u00bb100%\u00bb][\/et_pb_divider][\/et_pb_column][\/et_pb_row][et_pb_row column_structure=\u00bb1_3,1_3,1_3&#8243; _builder_version=\u00bb4.3.2&#8243; background_color=\u00bbrgba(255,255,255,0.9)\u00bb custom_padding=\u00bb||76px|||\u00bb][et_pb_column type=\u00bb1_3&#8243; _builder_version=\u00bb3.25&#8243; custom_padding=\u00bb|||\u00bb custom_padding__hover=\u00bb|||\u00bb][et_pb_blurb title=\u00bbDirecci\u00f3n\u00bb admin_label=\u00bbAddress\u00bb _builder_version=\u00bb4.3.2&#8243; header_font=\u00bb|600|||||||\u00bb header_font_size=\u00bb16px\u00bb header_line_height=\u00bb1.8em\u00bb body_font=\u00bb||||||||\u00bb body_font_size=\u00bb16px\u00bb body_line_height=\u00bb1em\u00bb text_orientation=\u00bbcenter\u00bb animation_style=\u00bbfold\u00bb animation_direction=\u00bbleft\u00bb animation_intensity_fold=\u00bb20%\u00bb animation_starting_opacity=\u00bb100%\u00bb]<\/p>\n<p>Carrera 72 P No. 37-44 sur<\/p>\n<p>Barrio Carvajal<\/p>\n<p>Bogot\u00e1, Colombia<\/p>\n<p>[\/et_pb_blurb][\/et_pb_column][et_pb_column type=\u00bb1_3&#8243; _builder_version=\u00bb3.25&#8243; custom_padding=\u00bb|||\u00bb custom_padding__hover=\u00bb|||\u00bb][et_pb_blurb title=\u00bbContacto\u00bb admin_label=\u00bbAddress\u00bb _builder_version=\u00bb4.5.3&#8243; header_font=\u00bb|600|||||||\u00bb header_font_size=\u00bb16px\u00bb header_line_height=\u00bb1.8em\u00bb body_font=\u00bb||||||||\u00bb body_font_size=\u00bb16px\u00bb body_line_height=\u00bb1em\u00bb text_orientation=\u00bbcenter\u00bb animation_style=\u00bbfold\u00bb animation_direction=\u00bbleft\u00bb animation_intensity_fold=\u00bb20%\u00bb animation_starting_opacity=\u00bb100%\u00bb hover_enabled=\u00bb0&#8243;]<\/p>\n<p>Tel. Fijo 601-4078803<\/p>\n<p>+57 3192738717<\/p>\n<p>comercial.emadeplast@gmail.com<\/p>\n<p>[\/et_pb_blurb][\/et_pb_column][et_pb_column type=\u00bb1_3&#8243; _builder_version=\u00bb3.25&#8243; custom_padding=\u00bb|||\u00bb custom_padding__hover=\u00bb|||\u00bb][et_pb_blurb title=\u00bbVisitas\u00bb admin_label=\u00bbAddress\u00bb _builder_version=\u00bb4.5.3&#8243; header_font=\u00bb|600|||||||\u00bb header_font_size=\u00bb16px\u00bb header_line_height=\u00bb1.8em\u00bb body_font=\u00bb||||||||\u00bb body_font_size=\u00bb16px\u00bb body_line_height=\u00bb1em\u00bb text_orientation=\u00bbcenter\u00bb animation_style=\u00bbfold\u00bb animation_direction=\u00bbleft\u00bb animation_intensity_fold=\u00bb20%\u00bb animation_starting_opacity=\u00bb100%\u00bb hover_enabled=\u00bb0&#8243;]<\/p>\n<p>Lunes &#8211; Viernes 8:00 a.m. a 5:00 p.m.<\/p>\n<p>&nbsp;<\/p>\n<p>&nbsp;<\/p>\n<p>[\/et_pb_blurb][\/et_pb_column][\/et_pb_row][et_pb_row admin_label=\u00bbFooter Area\u00bb _builder_version=\u00bb4.3.2&#8243; background_color=\u00bbrgba(255,255,255,0.93)\u00bb min_height=\u00bb371px\u00bb custom_margin=\u00bb13px|auto||auto||\u00bb custom_padding=\u00bb45px|||||\u00bb][et_pb_column type=\u00bb4_4&#8243; _builder_version=\u00bb3.25&#8243; custom_padding=\u00bb|||\u00bb custom_padding__hover=\u00bb|||\u00bb][et_pb_contact_form captcha=\u00bboff\u00bb email=\u00bbemadeplastsas@gmail.com\u00bb title=\u00bbESCR\u00cdBENOS\u00bb custom_message=\u00bbMensaje de la Pagina Web:||et_pb_line_break_holder||%%name%%||et_pb_line_break_holder||%%Email%%||et_pb_line_break_holder||%%message%%\u00bb submit_button_text=\u00bbEnviar\u00bb module_id=\u00bbet_pb_contact_form_0&#8243; _builder_version=\u00bb4.3.2&#8243; form_field_background_color=\u00bb#d5e38c\u00bb form_field_text_color=\u00bb#000000&#8243; title_font=\u00bbRoboto||||||||\u00bb title_text_align=\u00bbcenter\u00bb title_text_color=\u00bb#2a432d\u00bb title_font_size=\u00bb35px\u00bb title_line_height=\u00bb1.5em\u00bb form_field_font=\u00bb||||||||\u00bb form_field_font_size=\u00bb16px\u00bb custom_button=\u00bbon\u00bb button_text_size=\u00bb14px\u00bb button_text_color=\u00bb#2a2a2a\u00bb button_bg_color=\u00bb#d5e38c\u00bb button_border_width=\u00bb12px\u00bb button_border_color=\u00bbrgba(0,0,0,0)\u00bb button_border_radius=\u00bb3px\u00bb button_letter_spacing=\u00bb2px\u00bb button_font=\u00bb|600||on|||||\u00bb button_use_icon=\u00bboff\u00bb max_width=\u00bb800px\u00bb module_alignment=\u00bbcenter\u00bb custom_padding=\u00bb10px|||||\u00bb animation_style=\u00bbfade\u00bb border_width_all=\u00bb1px\u00bb border_color_all=\u00bbrgba(0,0,0,0.12)\u00bb form_background_color=\u00bbrgba(255,255,255,0)\u00bb button_text_color_hover=\u00bb#2a2a2a\u00bb button_bg_color_hover=\u00bb#e0c588&#8243; button_border_color_hover=\u00bb#e0c588&#8243; button_border_radius_hover=\u00bb30px\u00bb button_letter_spacing_hover=\u00bb2px\u00bb][et_pb_contact_field field_id=\u00bbName\u00bb field_title=\u00bbNombre\u00bb _builder_version=\u00bb4.3.2&#8243; form_field_font=\u00bb||||||||\u00bb button_text_size__hover_enabled=\u00bboff\u00bb button_one_text_size__hover_enabled=\u00bboff\u00bb button_two_text_size__hover_enabled=\u00bboff\u00bb button_text_color__hover_enabled=\u00bboff\u00bb button_one_text_color__hover_enabled=\u00bboff\u00bb button_two_text_color__hover_enabled=\u00bboff\u00bb button_border_width__hover_enabled=\u00bboff\u00bb button_one_border_width__hover_enabled=\u00bboff\u00bb button_two_border_width__hover_enabled=\u00bboff\u00bb button_border_color__hover_enabled=\u00bboff\u00bb button_one_border_color__hover_enabled=\u00bboff\u00bb button_two_border_color__hover_enabled=\u00bboff\u00bb button_border_radius__hover_enabled=\u00bboff\u00bb button_one_border_radius__hover_enabled=\u00bboff\u00bb button_two_border_radius__hover_enabled=\u00bboff\u00bb button_letter_spacing__hover_enabled=\u00bboff\u00bb button_one_letter_spacing__hover_enabled=\u00bboff\u00bb button_two_letter_spacing__hover_enabled=\u00bboff\u00bb button_bg_color__hover_enabled=\u00bboff\u00bb button_one_bg_color__hover_enabled=\u00bboff\u00bb button_two_bg_color__hover_enabled=\u00bboff\u00bb][\/et_pb_contact_field][et_pb_contact_field field_id=\u00bbEmail\u00bb field_title=\u00bbCorreo\u00bb field_type=\u00bbemail\u00bb _builder_version=\u00bb4.3.2&#8243; button_text_size__hover_enabled=\u00bboff\u00bb button_one_text_size__hover_enabled=\u00bboff\u00bb button_two_text_size__hover_enabled=\u00bboff\u00bb button_text_color__hover_enabled=\u00bboff\u00bb button_one_text_color__hover_enabled=\u00bboff\u00bb button_two_text_color__hover_enabled=\u00bboff\u00bb button_border_width__hover_enabled=\u00bboff\u00bb button_one_border_width__hover_enabled=\u00bboff\u00bb button_two_border_width__hover_enabled=\u00bboff\u00bb button_border_color__hover_enabled=\u00bboff\u00bb button_one_border_color__hover_enabled=\u00bboff\u00bb button_two_border_color__hover_enabled=\u00bboff\u00bb button_border_radius__hover_enabled=\u00bboff\u00bb button_one_border_radius__hover_enabled=\u00bboff\u00bb button_two_border_radius__hover_enabled=\u00bboff\u00bb button_letter_spacing__hover_enabled=\u00bboff\u00bb button_one_letter_spacing__hover_enabled=\u00bboff\u00bb button_two_letter_spacing__hover_enabled=\u00bboff\u00bb button_bg_color__hover_enabled=\u00bboff\u00bb button_one_bg_color__hover_enabled=\u00bboff\u00bb button_two_bg_color__hover_enabled=\u00bboff\u00bb][\/et_pb_contact_field][et_pb_contact_field field_id=\u00bbMessage\u00bb field_title=\u00bbMensaje\u00bb field_type=\u00bbtext\u00bb fullwidth_field=\u00bbon\u00bb _builder_version=\u00bb4.3.2&#8243; button_text_size__hover_enabled=\u00bboff\u00bb button_one_text_size__hover_enabled=\u00bboff\u00bb button_two_text_size__hover_enabled=\u00bboff\u00bb button_text_color__hover_enabled=\u00bboff\u00bb button_one_text_color__hover_enabled=\u00bboff\u00bb button_two_text_color__hover_enabled=\u00bboff\u00bb button_border_width__hover_enabled=\u00bboff\u00bb button_one_border_width__hover_enabled=\u00bboff\u00bb button_two_border_width__hover_enabled=\u00bboff\u00bb button_border_color__hover_enabled=\u00bboff\u00bb button_one_border_color__hover_enabled=\u00bboff\u00bb button_two_border_color__hover_enabled=\u00bboff\u00bb button_border_radius__hover_enabled=\u00bboff\u00bb button_one_border_radius__hover_enabled=\u00bboff\u00bb button_two_border_radius__hover_enabled=\u00bboff\u00bb button_letter_spacing__hover_enabled=\u00bboff\u00bb button_one_letter_spacing__hover_enabled=\u00bboff\u00bb button_two_letter_spacing__hover_enabled=\u00bboff\u00bb button_bg_color__hover_enabled=\u00bboff\u00bb button_one_bg_color__hover_enabled=\u00bboff\u00bb button_two_bg_color__hover_enabled=\u00bboff\u00bb][\/et_pb_contact_field][\/et_pb_contact_form][\/et_pb_column][\/et_pb_row][\/et_pb_section]<\/p>\n","protected":false},"excerpt":{"rendered":"<p>[et_pb_section fb_built=\u00bb1&#8243; fullwidth=\u00bbon\u00bb _builder_version=\u00bb4.3.2&#8243;][et_pb_fullwidth_slider use_bg_overlay=\u00bbon\u00bb bg_overlay_color=\u00bb#000000&#8243; _builder_version=\u00bb4.5.3&#8243; min_height=\u00bb600px\u00bb custom_padding=\u00bb35px||0px|||\u00bb auto=\u00bbon\u00bb auto_ignore_hover=\u00bbon\u00bb][et_pb_slide heading=\u00bbCANASTILLAS PL\u00c1STICAS \u00bb use_bg_overlay=\u00bbon\u00bb bg_overlay_color=\u00bbrgba(0,0,0,0.49)\u00bb _builder_version=\u00bb4.5.3&#8243; header_font=\u00bb|700|||||||\u00bb header_text_align=\u00bbleft\u00bb header_font_size=\u00bb50px\u00bb body_font=\u00bb|700|||||||\u00bb body_font_size=\u00bb22px\u00bb body_line_height=\u00bb1em\u00bb background_enable_color=\u00bboff\u00bb background_image=\u00bbhttps:\/\/www.emadeplast.com\/wp-content\/uploads\/2023\/03\/cabezote-CANASTILLAS-WEB.jpg\u00bb background_enable_image=\u00bbon\u00bb max_width=\u00bb86%\u00bb] Ideales en diversas operaciones seg\u00fan la necesidad log\u00edstica de los sectores econ\u00f3micos, debido a su capacidad de acopio y resistencia. [\/et_pb_slide][\/et_pb_fullwidth_slider][\/et_pb_section][et_pb_section fb_built=\u00bb1&#8243; next_background_color=\u00bbrgba(242,232,159,0.9)\u00bb _builder_version=\u00bb4.3.2&#8243; background_color=\u00bb#eaeaea\u00bb background_image=\u00bbhttps:\/\/www.emadeplast.com\/wp-content\/uploads\/2021\/02\/3114.jpg\u00bb custom_padding=\u00bb0px||0px|||\u00bb bottom_divider_style=\u00bbwave2&#8243;][et_pb_row [&hellip;]<\/p>\n","protected":false},"author":1,"featured_media":0,"parent":0,"menu_order":0,"comment_status":"closed","ping_status":"closed","template":"","meta":{"_et_pb_use_builder":"on","_et_pb_old_content":"","_et_gb_content_width":""},"_links":{"self":[{"href":"https:\/\/www.emadeplast.com\/index.php\/wp-json\/wp\/v2\/pages\/243"}],"collection":[{"href":"https:\/\/www.emadeplast.com\/index.php\/wp-json\/wp\/v2\/pages"}],"about":[{"href":"https:\/\/www.emadeplast.com\/index.php\/wp-json\/wp\/v2\/types\/page"}],"author":[{"embeddable":true,"href":"https:\/\/www.emadeplast.com\/index.php\/wp-json\/wp\/v2\/users\/1"}],"replies":[{"embeddable":true,"href":"https:\/\/www.emadeplast.com\/index.php\/wp-json\/wp\/v2\/comments?post=243"}],"version-history":[{"count":28,"href":"https:\/\/www.emadeplast.com\/index.php\/wp-json\/wp\/v2\/pages\/243\/revisions"}],"predecessor-version":[{"id":1533,"href":"https:\/\/www.emadeplast.com\/index.php\/wp-json\/wp\/v2\/pages\/243\/revisions\/1533"}],"wp:attachment":[{"href":"https:\/\/www.emadeplast.com\/index.php\/wp-json\/wp\/v2\/media?parent=243"}],"curies":[{"name":"wp","href":"https:\/\/api.w.org\/{rel}","templated":true}]}}