{"id":1290,"date":"2021-03-08T03:40:20","date_gmt":"2021-03-08T03:40:20","guid":{"rendered":"https:\/\/www.emadeplast.com\/?post_type=product&#038;p=1290"},"modified":"2021-06-24T02:01:02","modified_gmt":"2021-06-24T02:01:02","slug":"canastilla-morera-sellada","status":"publish","type":"product","link":"https:\/\/www.emadeplast.com\/index.php\/producto\/canastilla-morera-sellada\/","title":{"rendered":"CANASTILLA MORERA SELLADA"},"content":{"rendered":"","protected":false},"excerpt":{"rendered":"<h4><\/h4>\n<h4><strong>Capacidad de Carga<\/strong><br \/>\n20 kilos<\/h4>\n<h4><strong>MATERIALES<\/strong><br \/>\nPolietileno de Alta Densidad con protecci\u00f3n UV.<\/h4>\n<h4><strong>CARACTERISTICAS GENERALES<\/strong><\/h4>\n<ul>\n<li>Alta resistencia al impacto y a las tensiones.<\/li>\n<li>Toda perforada o fondo liso con laterales perforados seg\u00fan solicitud del cliente.<\/li>\n<li>De f\u00e1cil manejo.<\/li>\n<li>Brinda un transporte higi\u00e9nico.<\/li>\n<li>Es totalmente pr\u00e1ctica, lavable y apilable.<\/li>\n<li>Resistente a cambios de temperatura.<\/li>\n<li>Estabilidad y uniformidad en sus procesos de almacenamiento.<\/li>\n<\/ul>\n<p>***Env\u00edo gratis a partir de 100 unidades en Bogot\u00e1. De 1 a 99 unidades el cliente asume el env\u00edo o si est\u00e1 ubicado en Bogot\u00e1, lo puede retirar en nuestra fabrica.<\/p>\n<p>&nbsp;<\/p>\n","protected":false},"featured_media":1297,"template":"","meta":{"_et_pb_use_builder":"","_et_pb_old_content":"","_et_gb_content_width":""},"_links":{"self":[{"href":"https:\/\/www.emadeplast.com\/index.php\/wp-json\/wp\/v2\/product\/1290"}],"collection":[{"href":"https:\/\/www.emadeplast.com\/index.php\/wp-json\/wp\/v2\/product"}],"about":[{"href":"https:\/\/www.emadeplast.com\/index.php\/wp-json\/wp\/v2\/types\/product"}],"wp:featuredmedia":[{"embeddable":true,"href":"https:\/\/www.emadeplast.com\/index.php\/wp-json\/wp\/v2\/media\/1297"}],"wp:attachment":[{"href":"https:\/\/www.emadeplast.com\/index.php\/wp-json\/wp\/v2\/media?parent=1290"}],"curies":[{"name":"wp","href":"https:\/\/api.w.org\/{rel}","templated":true}]}}